{"id":4929,"date":"2024-09-10T09:24:57","date_gmt":"2024-09-10T09:24:57","guid":{"rendered":"https:\/\/menganos.tv\/web\/?page_id=4929"},"modified":"2024-09-10T09:41:49","modified_gmt":"2024-09-10T09:41:49","slug":"politica-de-privacidad","status":"publish","type":"page","link":"https:\/\/menganos.tv\/web\/politica-de-privacidad\/","title":{"rendered":"Pol\u00edtica de privacidad"},"content":{"rendered":"<div class=\"wpb-content-wrapper\"><p>[vc_row][vc_column]<div class=\"heading  default color-black subcolor-main transform-default heading-tag-h1\" id=\"like_sc_header_445137590\"><h1 class=\"header\">Pol\u00edtica de Privacidad<\/h1><\/div>[vc_column_text css=\u00bb\u00bb]<\/p>\r\n<p>Desde <strong>Menganos Producciones<\/strong> queremos darte todos los detalles sobre c\u00f3mo tratamos los datos personales que nos facilitas al interactuar con nosotros. As\u00ed, esta pol\u00edtica de privacidad se aplica a todos los datos de car\u00e1cter personal que nos sean proporcionados por cualquier medio, espec\u00edficamente en los sitios en los que haya una referencia a esta pol\u00edtica, incluidos los formularios habilitados en esta p\u00e1gina web.<\/p>\r\n<p>Para nosotros, la privacidad es un valor esencial, y siguiendo lo dispuesto tanto por el Reglamento (UE) 2016\/679 del Parlamento Europeo y del Consejo de 27 de abril de 2016 relativo a la protecci\u00f3n de las personas f\u00edsicas en lo que respecta al tratamiento de datos personales y a la libre circulaci\u00f3n de estos datos y por el que se deroga la Directiva 95\/46\/CE (\u201c<strong>RGPD<\/strong>\u201d) como por la Ley Org\u00e1nica 3\/2018, de 5 de diciembre, de Protecci\u00f3n de Datos Personales y garant\u00eda de los derechos digitales (\u201c<strong>LOPDGDD<\/strong>\u201d), a continuaci\u00f3n te proporcionamos tanto informaci\u00f3n b\u00e1sica como informaci\u00f3n desarrollada sobre el tratamiento de tus datos.<\/p>\r\n<h2 class=\"wp-block-heading\">1. Informaci\u00f3n b\u00e1sica sobre c\u00f3mo tratamos tus datos<\/h2>\r\n<table class=\"cookies\">\r\n<tbody>\r\n<tr>\r\n<td><strong>Responsable del tratamiento<\/strong><\/td>\r\n<td><p><strong>\u00a0<\/strong>Para la utilizaci\u00f3n de los servicios que ofrece Menganos Producciones a trav\u00e9s de sus p\u00e1ginas web, se necesita recabar ciertos datos personales. El responsable del tratamiento de los datos facilitados ser\u00e1 Menganos Producciones.<\/p>\r\n<p>Puedes consultar la informaci\u00f3n de Menganos Producciones en nuestro <a href=\"https:\/\/izen.es\/pagina\/aviso-legal-2\" target=\"_blank\" rel=\"noopener\">Aviso Legal<\/a>. Por decisiones empresariales, dicha informaci\u00f3n podr\u00e1 ser actualizada en cualquier momento, por lo que te recomendamos que la consultes peri\u00f3dicamente.<\/td>\r\n<\/tr>\r\n<tr>\r\n<td><strong>Finalidades del tratamiento<\/strong><\/td>\r\n<td>\r\n<ul>\r\n<li>A trav\u00e9s de esta p\u00e1gina web desarrollamos una parte de nuestra actividad, y para ello, puede que utilicemos tus datos, lo cual corresponder\u00e1 a una de las siguientes finalidades:<\/li>\r\n<li>Gestionar, administrar y mejorar el servicio de la p\u00e1gina web.<\/li>\r\n<li>Responder a las consultas que recibamos a trav\u00e9s de nuestra p\u00e1gina web, o la direcci\u00f3n de email o el tel\u00e9fono habilitados.<\/li>\r\n<\/ul>\r\n<\/td>\r\n<\/tr>\r\n<tr>\r\n<td><strong>Base legitimadora del tratamiento<\/strong><\/td>\r\n<td>Tu consentimiento, v\u00e1lidamente prestado mediante la aceptaci\u00f3n de la casilla indicada en los diferentes formularios de contacto con nosotros, la puesta en contacto directamente a trav\u00e9s de los medios indicados, o mediante la aceptaci\u00f3n de la instalaci\u00f3n de cookies en tu dispositivo.<\/td>\r\n<\/tr>\r\n<tr>\r\n<td><strong>Destinatarios de los datos \u2013 transferencias internacionales<\/strong><\/td>\r\n<td><p>Tus datos podr\u00e1n ser utilizados por Menganos Producciones para cumplir con la finalidad para la que fueron recogidos.<\/p>\r\n<p>Asimismo, tus datos personales podr\u00e1n ser cedidos a las autoridades p\u00fablicas en caso de obligaci\u00f3n legal del responsable o requerimiento por parte de dichas autoridades.<\/p>\r\n<p>No se prev\u00e9 que existan transferencias internacionales de datos personales.<\/td>\r\n<\/tr>\r\n<tr>\r\n<td><strong>Plazo de conservaci\u00f3n de los datos<\/strong><\/td>\r\n<td><p>Los datos personales podr\u00e1n ser conservados mientras sean necesarios para cumplir con la finalidad a la que est\u00e1n asociados. En concreto:<\/p>\r\n<ul>\r\n<li>Para las consultas o comunicaciones remitidas a trav\u00e9s de los medios de contacto indicados, trataremos la informaci\u00f3n mientras estas est\u00e9n activas.<\/li>\r\n<li>En cuanto a la informaci\u00f3n recabada de tu navegaci\u00f3n a trav\u00e9s de la p\u00e1gina web, tienes toda la informaci\u00f3n en nuestra Pol\u00edtica de Cookies.<\/li>\r\n<\/ul>\r\n<p>Posteriormente, podremos conservarlos debidamente bloqueados durante el periodo de tiempo legalmente establecido para defender los intereses de Menganos Producciones ante reclamaciones u obligaciones legales.<\/td>\r\n<\/tr>\r\n<tr>\r\n<td><strong>Derechos de los interesados<\/strong><\/td>\r\n<td>Puedes ejercer tus derechos de acceso, rectificaci\u00f3n, supresi\u00f3n y portabilidad de tus datos, de limitaci\u00f3n y oposici\u00f3n a su tratamiento, as\u00ed como a no ser objeto de decisiones basadas \u00fanicamente en el tratamiento automatizado de tus datos, cuando procedan y ante Menganos Producciones poni\u00e9ndote en contacto con su Delegado de protecci\u00f3n de datos a trav\u00e9s de la direcci\u00f3n de correo <a href=\"mailto:webmaster@menganos.tv\">webmaster@menganos.tv<\/a> o a trav\u00e9s de la direcci\u00f3n postal indicada en nuestro\u00a0<a href=\"https:\/\/izen.es\/pagina\/aviso-legal-2\" target=\"_blank\" rel=\"noopener\">Aviso Legal<\/a>.<\/td>\r\n<\/tr>\r\n<tr>\r\n<td><strong>Autoridad de control<\/strong><\/td>\r\n<td>En caso de que no est\u00e9s de acuerdo con el tratamiento que Menganos Producciones ha llevado a cabo sobre tus datos o su actuaci\u00f3n frente a solicitudes de acceso de los datos, puedes presentar una reclamaci\u00f3n ante la Agencia Espa\u00f1ola de Protecci\u00f3n de Datos (<a href=\"http:\/\/www.aepd.es\/\">www.aepd.es<\/a>).<\/td>\r\n<\/tr>\r\n<\/tbody>\r\n<\/table>\r\n<p>&nbsp;<\/p>\r\n<p>Los datos que decidas proporcionarnos (en el pasado o en el futuro) a trav\u00e9s de cualquiera de los medios habilitados, nos los facilitas libremente y aceptas que estos datos personales sean objeto del tratamiento correspondiente en cada caso en funci\u00f3n de la base legitimadora y la finalidad para la cual nos los hayas facilitado.<\/p>\r\n<p>Seg\u00fan lo dispuesto en el RGPD, a continuaci\u00f3n te facilitamos la informaci\u00f3n relativa al tratamiento de tus datos que vamos a realizar de forma m\u00e1s extensa, con el fin de que tengas toda la informaci\u00f3n necesaria para darnos de manera v\u00e1lida tu consentimiento. Por eso es esencial que leas atentamente la informaci\u00f3n que te detallamos a continuaci\u00f3n.<\/p>\r\n<h2>2. \u00bfCon qu\u00e9 finalidad trataremos tus datos?<\/h2>\r\n<p>Los datos personales que nos facilitas en los distintos medios de contacto que ofrecemos en nuestra p\u00e1gina web, los utilizamos para gestionar los servicios que ofrecemos y para poder dar respuesta a las consultas que nos plantees. Estos datos nos permiten mantener la relaci\u00f3n con los usuarios y responder a sus solicitudes, as\u00ed como la gesti\u00f3n, administraci\u00f3n, prestaci\u00f3n y mejora de nuestros servicios, y sin ellos, no podr\u00edamos prestarte servicios. As\u00ed, si no quieres que tratemos tus datos, no podr\u00e1s utilizar nuestros servicios.<\/p>\r\n<p>Aquellos datos que nos proporciones al aceptar la instalaci\u00f3n de cookies son tratados \u00fanicamente para posibilitar tu navegaci\u00f3n a trav\u00e9s de la misma, as\u00ed como para la mejora, gesti\u00f3n y optimizaci\u00f3n de nuestra p\u00e1gina web y de nuestra actividad.<\/p>\r\n<h2>3. \u00bfQu\u00e9 datos personales tratamos?<\/h2>\r\n<p>Para la consecuci\u00f3n de las finalidades anteriormente expresadas, tratamos las siguientes categor\u00edas de datos:<\/p>\r\n<ul>\r\n<li>Datos identificativos y de contacto del usuario: nombre y apellidos y email.<\/li>\r\n<li>Datos derivados de tu navegaci\u00f3n a trav\u00e9s de la p\u00e1gina web.<\/li>\r\n<\/ul>\r\n<h2>4. \u00bfCon qu\u00e9 base legal utilizamos tus datos personales?<\/h2>\r\n<p>La base legal del tratamiento de tus datos ser\u00e1 el consentimiento. Necesitamos tratar tu informaci\u00f3n personal para poder responderte a la solicitud enviada, a trav\u00e9s de los medios de contacto proporcionados (email y n\u00famero de tel\u00e9fono) y los formularios habilitados a tal efecto, as\u00ed como enviarte informaci\u00f3n de nuestras actividades.<\/p>\r\n<p>As\u00ed, al aceptar el tratamiento de datos en la casilla indicada en el formulario utilizado en cada caso, nos das tu consentimiento de manera expresa, libre e inequ\u00edvoca para tratar los datos para ponerte en contacto con nosotros de conformidad por lo establecido en el art\u00edculo 6.1.a) RGPD. De la misma forma, y en su caso, consientes el uso de la instalaci\u00f3n de cookies en tu dispositivo.<\/p>\r\n<h2>5. \u00bfA qui\u00e9n comunicamos tus datos?<\/h2>\r\n<p>Tus datos personales podr\u00e1n ser cedidos a las autoridades p\u00fablicas en caso de que debamos cumplir con una obligaci\u00f3n legal o recibamos un requerimiento por parte de dichas autoridades.<\/p>\r\n<p>No se prev\u00e9n transferencias internacionales de datos.<\/p>\r\n<p>En todos estos casos, nos encargaremos de que el tratamiento de datos se ajuste plenamente a la legalidad vigente, suscribiendo cuantos acuerdos sean necesarios para garantizar que el flujo de datos personales garantiza la confidencialidad, integridad y disponibilidad de nuestros usuarios, clientes y socios.<\/p>\r\n<h2>6. \u00bfDurante cu\u00e1nto tiempo conservaremos tus datos?<\/h2>\r\n<p>Conservaremos los datos el tiempo que sea necesario para cumplir con la finalidad para la que fueron recabados, para garantizar la prestaci\u00f3n del servicio y cumplir con nuestras obligaciones legales, o hasta que retire su consentimiento.<\/p>\r\n<p>En cuanto a la duraci\u00f3n de la instalaci\u00f3n de las cookies, podr\u00e1s encontrar toda la informaci\u00f3n relativa a ello en nuestra\u00a0<a href=\"https:\/\/izen.es\/pagina\/politica-de-cookies-40\" target=\"_blank\" rel=\"noopener\">Pol\u00edtica de Cookies<\/a>.<\/p>\r\n<p>Una vez eliminados mediante las correspondientes medidas de seguridad adecuadas, los mantendremos debidamente bloqueados durante el tiempo indispensable para poder responder a futuras posibles reclamaciones y defender nuestros intereses.<\/p>\r\n<h2>7. \u00bfC\u00f3mo custodiamos tus datos?<\/h2>\r\n<p>En cumplimiento de nuestra obligaci\u00f3n de guardar secreto respecto de los datos de car\u00e1cter personal recogidos, as\u00ed como de nuestro deber de custodiarlos, nos comprometemos a adoptar las medidas de seguridad necesarias para evitar su modificaci\u00f3n, alteraci\u00f3n, p\u00e9rdida, tratamiento o acceso no autorizado, de acuerdo con lo establecido en el RGPD.<\/p>\r\n<p>En Menganos Producciones reconocemos y nos tomamos muy en serio nuestra responsabilidad a la hora de proteger tus datos personales. Es por ello que mantenemos los niveles de seguridad de protecci\u00f3n de datos personales conforme al RGPD y hemos establecido todos los medios t\u00e9cnicos a nuestro alcance para evitar la p\u00e9rdida, mal uso, alteraci\u00f3n, acceso no autorizado y robo de los datos que nos has facilitado, sin perjuicio de informarte de que las medidas de seguridad en Internet no son 100% inexpugnables.<\/p>\r\n<h2>8. \u00bfC\u00f3mo puedes gestionar el tratamiento de tus datos?<\/h2>\r\n<p>De nuevo te recordamos que podr\u00e1s ejercitar sus derechos de acceso, rectificaci\u00f3n, supresi\u00f3n y oposici\u00f3n, as\u00ed como los de limitaci\u00f3n y portabilidad, en cualquiera de las direcciones indicadas en nuestro\u00a0<a href=\"https:\/\/izen.es\/pagina\/aviso-legal-2\" target=\"_blank\" rel=\"noopener\">Aviso Legal<\/a>, o mediante comunicaci\u00f3n al Delegado de protecci\u00f3n de datos de Menganos Producciones a trav\u00e9s del correo electr\u00f3nico <a href=\"mailto:webmaster@menganos.tv\">webmaster@menganos.tv<\/a>, indic\u00e1ndonos qu\u00e9 actuaci\u00f3n por nuestra parte solicitas.<\/p>\r\n<p>El ejercicio de todos estos derechos es gratuito y, en aras a la mayor transparencia, te facilitamos m\u00e1s informaci\u00f3n sobre estos derechos:<\/p>\r\n<table>\r\n<tbody>\r\n<tr>\r\n<td><strong>Derecho<\/strong><\/td>\r\n<td><strong>Contenido<\/strong><\/td>\r\n<\/tr>\r\n<tr>\r\n<td><strong>Acceso<\/strong><\/td>\r\n<td>Puedes solicitar informaci\u00f3n sobre qu\u00e9 datos tratamos sobre ti, refiri\u00e9ndote a la totalidad de la informaci\u00f3n o a datos concretos.<\/td>\r\n<\/tr>\r\n<tr>\r\n<td><strong>Rectificaci\u00f3n<\/strong><\/td>\r\n<td>Uno de los principios de la normativa aplicable es la exactitud de los datos, por lo que podr\u00e1s solicitar su rectificaci\u00f3n en cualquier momento, con la finalidad de mantenerlos correctamente actualizados.<\/td>\r\n<\/tr>\r\n<tr>\r\n<td><strong>Supresi\u00f3n<\/strong><\/td>\r\n<td><p>Puedes solicitar la supresi\u00f3n de los datos personales, que adem\u00e1s se eliminar en caso de que ya no sean necesarios para la finalidad para la que se recogieron o cuando ejerzas el derecho de oposici\u00f3n de estos. Excepto si son necesarios para el cumplimiento de una obligaci\u00f3n legal, inter\u00e9s p\u00fablico, o para el ejercicio o defensa de posibles reclamaciones.<\/p>\r\n<p>La consecuencia de la supresi\u00f3n de los datos ser\u00e1 la imposibilidad de la correcta prestaci\u00f3n de los servicios por parte de Menganos Producciones.<\/td>\r\n<\/tr>\r\n<tr>\r\n<td><strong>Oposici\u00f3n<\/strong><\/td>\r\n<td>En determinadas circunstancias y por motivos relacionados con tu situaci\u00f3n particular, puedes oponerte al tratamiento de tus datos. Menganos Producciones dejar\u00e1 de tratar los datos, salvo por motivos leg\u00edtimos imperiosos, por el ejercicio o la defensa de posibles reclamaciones, o para cumplir con nuestras obligaciones legales.<\/td>\r\n<\/tr>\r\n<tr>\r\n<td><strong>Limitaci\u00f3n del tratamiento<\/strong><\/td>\r\n<td>En determinadas circunstancias puedes solicitar la limitaci\u00f3n del tratamiento de tus datos, en cuyo caso \u00fanicamente los conservaremos para cumplir con nuestras obligaciones legales.<\/td>\r\n<\/tr>\r\n<tr>\r\n<td><strong>Portabilidad<\/strong><\/td>\r\n<td>Puedes recibir, en el formato m\u00e1s oportuno en cada caso, los datos personales que nos hayas facilitado.<\/td>\r\n<\/tr>\r\n<tr>\r\n<td><strong>Retirada del consentimiento<\/strong><\/td>\r\n<td>En cualquier momento puedes retirar el consentimiento prestado sin que ello afecte a la licitud del tratamiento. Si solicitas la cancelaci\u00f3n de tus datos dejaremos de procesar los mismos, pero ten en cuenta que no podremos seguir prest\u00e1ndote servicios y que, en determinados casos en los que tengamos la base legal correspondiente, seguiremos tratando tu informaci\u00f3n despu\u00e9s de que hayas retirado tu consentimiento y solicitado la eliminaci\u00f3n de tu informaci\u00f3n.<\/td>\r\n<\/tr>\r\n<\/tbody>\r\n<\/table>\r\n<p>&nbsp;<\/p>\r\n<p>Igualmente te informamos de que tienes derecho a presentar una reclamaci\u00f3n en la Agencia Espa\u00f1ola de Protecci\u00f3n de Datos www.aepd.es. En todo caso, por nuestro fuerte compromiso con la privacidad te invitamos a que te dirijas directamente a nosotros para solucionar cualquier cuesti\u00f3n relacionada con tus datos personales; estaremos encantados de poder serte de utilidad.<\/p>\r\n<h2>9. Modificaci\u00f3n de la presente pol\u00edtica de datos de car\u00e1cter personal<\/h2>\r\n<p>Menganos Producciones se reserva el derecho a modificar la presente pol\u00edtica para adaptarla a futuras novedades legislativas o jurisprudenciales, as\u00ed como a pr\u00e1cticas de la industria, informando previamente a los usuarios a trav\u00e9s de nuestra web. Te recomendamos que consultes esta p\u00e1gina con cierta frecuencia para revisar la versi\u00f3n m\u00e1s reciente. En la parte inferior de este documento te indicamos la fecha de la \u00faltima actualizaci\u00f3n. El nuevo aviso de privacidad ser\u00e1 efectivo desde el momento de su publicaci\u00f3n.<\/p>\r\n<p>En ning\u00fan caso dichas modificaciones afectar\u00e1n a la elecci\u00f3n que hubieras formulado en lo que respecta al modo en que Menganos Producciones puede tratar tus datos personales. Si en alg\u00fan momento quisi\u00e9ramos utilizar tus datos de forma distinta a la establecida en el momento de la recogida, te lo notificaremos por correo electr\u00f3nico, solicitando tu consentimiento.<\/p>\r\n<p>Asimismo, Menganos Producciones se reserva el derecho a la rescisi\u00f3n de los servicios que presta en aquellos usuarios que no cumplan con los t\u00e9rminos y condiciones legales de uso, as\u00ed como con la legislaci\u00f3n vigente.<\/p>\r\n<p>\u00daltima actualizaci\u00f3n: Septiembre 2024.<\/p>\r\n<p>[\/vc_column_text][\/vc_column][\/vc_row]<\/p>\r\n<\/div>","protected":false},"excerpt":{"rendered":"<p>[vc_row][vc_column][vc_column_text css=\u00bb\u00bb] Desde Menganos Producciones queremos darte todos los detalles sobre c\u00f3mo tratamos los datos personales que nos facilitas al interactuar con nosotros. As\u00ed, esta pol\u00edtica de privacidad se aplica [&hellip;]<\/p>\n","protected":false},"author":1,"featured_media":0,"parent":0,"menu_order":0,"comment_status":"closed","ping_status":"closed","template":"","meta":{"footnotes":""},"class_list":["post-4929","page","type-page","status-publish","hentry"],"_links":{"self":[{"href":"https:\/\/menganos.tv\/web\/wp-json\/wp\/v2\/pages\/4929"}],"collection":[{"href":"https:\/\/menganos.tv\/web\/wp-json\/wp\/v2\/pages"}],"about":[{"href":"https:\/\/menganos.tv\/web\/wp-json\/wp\/v2\/types\/page"}],"author":[{"embeddable":true,"href":"https:\/\/menganos.tv\/web\/wp-json\/wp\/v2\/users\/1"}],"replies":[{"embeddable":true,"href":"https:\/\/menganos.tv\/web\/wp-json\/wp\/v2\/comments?post=4929"}],"version-history":[{"count":4,"href":"https:\/\/menganos.tv\/web\/wp-json\/wp\/v2\/pages\/4929\/revisions"}],"predecessor-version":[{"id":4948,"href":"https:\/\/menganos.tv\/web\/wp-json\/wp\/v2\/pages\/4929\/revisions\/4948"}],"wp:attachment":[{"href":"https:\/\/menganos.tv\/web\/wp-json\/wp\/v2\/media?parent=4929"}],"curies":[{"name":"wp","href":"https:\/\/api.w.org\/{rel}","templated":true}]}}